{"id":2940,"date":"2018-08-20T20:04:56","date_gmt":"2018-08-20T23:04:56","guid":{"rendered":"https:\/\/isfd801-chu.infd.edu.ar\/sitio\/?page_id=2940"},"modified":"2022-05-20T00:27:51","modified_gmt":"2022-05-20T03:27:51","slug":"proyectos-de-postitulos","status":"publish","type":"page","link":"https:\/\/isfd801-chu.infd.edu.ar\/sitio\/proyectos-de-postitulos\/","title":{"rendered":"PROYECTOS DE POST\u00cdTULOS"},"content":{"rendered":"\n<h2 class=\"wp-block-heading\"><span style=\"color: #333333;\">Proyectos del post\u00edtulo en Jard\u00ednes Maternales<\/span><\/h2>\n\n\n\n<p class=\"has-white-color has-text-color has-background has-medium-font-size\" style=\"background-color:#1882bf\"><img decoding=\"async\" loading=\"lazy\" width=\"50\" height=\"50\" class=\"wp-image-10607\" style=\"width: 50px;\" src=\"https:\/\/isfd801-chu.infd.edu.ar\/sitio\/wp-content\/uploads\/2021\/07\/manitoch-1-e1653016914588.png\" alt=\"\"><a href=\"https:\/\/isfd801-chu.infd.edu.ar\/sitio\/wp-content\/uploads\/2018\/08\/Indicadores_de_alerta_del_desarrollo_infantil.pdf\"><span style=\"color: #808080;\"><span style=\"color: #000000;\"><span class=\"has-inline-color has-white-color\"><strong>Indicadores de alerta del desarrollo infantil<\/strong><\/span><\/span><\/span><\/a><\/p>\n\n\n\n<p class=\"has-white-color has-text-color has-background has-medium-font-size\" style=\"background-color:#1882bf\"><img decoding=\"async\" loading=\"lazy\" width=\"50\" height=\"50\" class=\"wp-image-10607\" style=\"width: 50px;\" src=\"https:\/\/isfd801-chu.infd.edu.ar\/sitio\/wp-content\/uploads\/2021\/07\/manitoch-1-e1653016914588.png\" alt=\"\"><span style=\"color: #000000;\"><a style=\"color: #000000;\" href=\"https:\/\/isfd801-chu.infd.edu.ar\/sitio\/wp-content\/uploads\/2018\/08\/Autoevaluacion_docente__un_momento_para_reflexionar.pdf\"><span class=\"has-inline-color has-white-color\"><strong>Autoevaluaci\u00f3n docente: un momento para reflexionar-<\/strong><\/span><\/a><\/span><\/p>\n\n\n\n<p class=\"has-white-color has-text-color has-background has-medium-font-size\" style=\"background-color:#1882bf\"><img decoding=\"async\" loading=\"lazy\" width=\"50\" height=\"50\" class=\"wp-image-10607\" style=\"width: 50px;\" src=\"https:\/\/isfd801-chu.infd.edu.ar\/sitio\/wp-content\/uploads\/2021\/07\/manitoch-1-e1653016914588.png\" alt=\"\"><span style=\"color: #000000;\"><a style=\"color: #000000;\" href=\"https:\/\/isfd801-chu.infd.edu.ar\/sitio\/wp-content\/uploads\/2018\/08\/Un_espacio_en_el_Jardin_Maternal_para_la_Educacion_Psicomotriz.pdf\"><span class=\"has-inline-color has-white-color\"><strong>Un espacio en el Jard\u00edn Maternal para la Educaci\u00f3n Psicomotr\u00edz<\/strong><\/span><\/a><\/span><\/p>\n\n\n\n<p class=\"has-white-color has-text-color has-background has-medium-font-size\" style=\"background-color:#1882bf\"><img decoding=\"async\" loading=\"lazy\" width=\"50\" height=\"50\" class=\"wp-image-10607\" style=\"width: 50px;\" src=\"https:\/\/isfd801-chu.infd.edu.ar\/sitio\/wp-content\/uploads\/2021\/07\/manitoch-1-e1653016914588.png\" alt=\"\"><span style=\"color: #000000;\"><a style=\"color: #000000;\" href=\"https:\/\/isfd801-chu.infd.edu.ar\/sitio\/wp-content\/uploads\/2018\/08\/Espacios_para_compartir_familias_y_escuela.pdf\"><span class=\"has-inline-color has-white-color\"><strong>Espacios para compartir\u2026 familias y escuela<\/strong><\/span><\/a><\/span><\/p>\n\n\n\n<p class=\"has-white-color has-text-color has-background has-medium-font-size\" style=\"background-color:#1882bf\"><img decoding=\"async\" loading=\"lazy\" width=\"50\" height=\"50\" class=\"wp-image-10607\" style=\"width: 50px;\" src=\"https:\/\/isfd801-chu.infd.edu.ar\/sitio\/wp-content\/uploads\/2021\/07\/manitoch-1-e1653016914588.png\" alt=\"\"><span style=\"color: #000000;\"><a style=\"color: #000000;\" href=\"https:\/\/isfd801-chu.infd.edu.ar\/sitio\/wp-content\/uploads\/2018\/08\/Pasa_te_estoy_esperando_dame_tu_mano_yo_te_acompan_o.pdf\"><span class=\"has-inline-color has-white-color\"><strong>Pasa te estoy esperando, dame tu mano yo te acompa\u00f1o<\/strong><\/span><\/a><\/span><\/p>\n\n\n\n<p class=\"has-white-color has-text-color has-background has-medium-font-size\" style=\"background-color:#1882bf\"><img decoding=\"async\" loading=\"lazy\" width=\"50\" height=\"50\" class=\"wp-image-13561\" style=\"width: 50px;\" src=\"https:\/\/isfd801-chu.infd.edu.ar\/sitio\/wp-content\/uploads\/2022\/05\/manitoch-1-e1653016914588.png\" alt=\"\"><span style=\"color: #000000;\"><a style=\"color: #000000;\" href=\"https:\/\/isfd801-chu.infd.edu.ar\/sitio\/wp-content\/uploads\/2018\/08\/Acompan_amiento_pedagogico_e_intervencion_de_apoyo_al_Profesor_de_Educacion_Fisica.pdf\"><span class=\"has-inline-color has-white-color\"><strong>Acompa\u00f1amiento pedag\u00f3gico e intervenci\u00f3n de apoyo al Profesor de Educaci\u00f3n F\u00edsica<\/strong><\/span><\/a><\/span><\/p>\n\n\n\n<p class=\"has-white-color has-text-color has-background has-medium-font-size\" style=\"background-color:#1882bf\"><img decoding=\"async\" loading=\"lazy\" width=\"50\" height=\"50\" class=\"wp-image-13561\" style=\"width: 50px;\" src=\"https:\/\/isfd801-chu.infd.edu.ar\/sitio\/wp-content\/uploads\/2022\/05\/manitoch-1-e1653016914588.png\" alt=\"\"><span style=\"color: #000000;\"><a style=\"color: #000000;\" href=\"https:\/\/isfd801-chu.infd.edu.ar\/sitio\/wp-content\/uploads\/2018\/08\/La_educacion_integral_implica_en_el_Jardin_Maternal_practicas_psicomotrices.pdf\"><span class=\"has-inline-color has-white-color\"><strong>La educaci\u00f3n integral implica, en el Jard\u00edn Maternal, pr\u00e1cticas psicomotrices<\/strong><\/span><\/a><\/span><\/p>\n\n\n\n<p class=\"has-white-color has-text-color has-background has-medium-font-size\" style=\"background-color:#1882bf\"><img decoding=\"async\" loading=\"lazy\" width=\"50\" height=\"50\" class=\"wp-image-13561\" style=\"width: 50px;\" src=\"https:\/\/isfd801-chu.infd.edu.ar\/sitio\/wp-content\/uploads\/2022\/05\/manitoch-1-e1653016914588.png\" alt=\"\"><span style=\"color: #000000;\"><a style=\"color: #000000;\" href=\"https:\/\/isfd801-chu.infd.edu.ar\/sitio\/wp-content\/uploads\/2018\/08\/Revisando_la_planificacion.pdf\"><span class=\"has-inline-color has-white-color\"><strong>Revisando la planificaci\u00f3n<\/strong><\/span><\/a><\/span><\/p>\n\n\n\n<p class=\"has-white-color has-text-color has-background has-medium-font-size\" style=\"background-color:#1882bf\"><img decoding=\"async\" loading=\"lazy\" width=\"50\" height=\"50\" class=\"wp-image-13561\" style=\"width: 50px;\" src=\"https:\/\/isfd801-chu.infd.edu.ar\/sitio\/wp-content\/uploads\/2022\/05\/manitoch-1-e1653016914588.png\" alt=\"\"><span style=\"color: #000000;\"><a style=\"color: #000000;\" href=\"https:\/\/isfd801-chu.infd.edu.ar\/sitio\/wp-content\/uploads\/2018\/08\/Re-pensando_la_mirada_de_las_diferentes_propuestas_didacticas_de_ensen_anza_y_su_organizacion_en_el_Jardin_Maternal.pdf\"><span class=\"has-inline-color has-white-color\"><strong>Re-pensando la mirada de las diferentes propuestas did\u00e1cticas de ense\u00f1anza y su organizaci\u00f3n en el Jard\u00edn Maternal<\/strong><\/span><\/a><\/span><\/p>\n\n\n\n<p class=\"has-white-color has-text-color has-background has-medium-font-size\" style=\"background-color:#1882bf\"><img decoding=\"async\" loading=\"lazy\" width=\"50\" height=\"50\" class=\"wp-image-13561\" style=\"width: 50px;\" src=\"https:\/\/isfd801-chu.infd.edu.ar\/sitio\/wp-content\/uploads\/2022\/05\/manitoch-1-e1653016914588.png\" alt=\"\"><span style=\"color: #000000;\"><a style=\"color: #000000;\" href=\"https:\/\/isfd801-chu.infd.edu.ar\/sitio\/wp-content\/uploads\/2018\/08\/Trabajo_en_pareja_pedagogica_e_intervencion_de_apoyo_al_profesor_de_educacion_fisica_en_el_jardin_maternal.pdf\"><span class=\"has-inline-color has-white-color\"><strong>Trabajo en pareja pedag\u00f3gica e intervenci\u00f3n de apoyo al profesor de educaci\u00f3n f\u00edsica en el Jardin Maternal<\/strong><\/span><\/a><\/span><\/p>\n\n\n\n<p class=\"has-white-color has-text-color has-background has-medium-font-size\" style=\"background-color:#1882bf\"><img decoding=\"async\" loading=\"lazy\" width=\"50\" height=\"50\" class=\"wp-image-13561\" style=\"width: 50px;\" src=\"https:\/\/isfd801-chu.infd.edu.ar\/sitio\/wp-content\/uploads\/2022\/05\/manitoch-1-e1653016914588.png\" alt=\"\"><span style=\"color: #000000;\"><a style=\"color: #000000;\" href=\"https:\/\/isfd801-chu.infd.edu.ar\/sitio\/wp-content\/uploads\/2018\/08\/Asesoramiento_Pegagogico_sobre_planificaciones_en_salas_del_Jardin_Maternal.pdf\"><span class=\"has-inline-color has-white-color\"><strong>Asesoramiento Pegag\u00f3gico sobre planificaciones en salas del Jard\u00edn Maternal<\/strong><\/span><\/a><\/span><\/p>\n\n\n\n<p class=\"has-white-color has-text-color has-background has-medium-font-size\" style=\"background-color:#1882bf\"><img decoding=\"async\" loading=\"lazy\" width=\"50\" height=\"50\" class=\"wp-image-13561\" style=\"width: 50px;\" src=\"https:\/\/isfd801-chu.infd.edu.ar\/sitio\/wp-content\/uploads\/2022\/05\/manitoch-1-e1653016914588.png\" alt=\"\"><span style=\"color: #000000;\"><a style=\"color: #000000;\" href=\"https:\/\/isfd801-chu.infd.edu.ar\/sitio\/wp-content\/uploads\/2018\/08\/Asesoramiento_Pegagogico_sobre_planificaciones_en_salas_del_Jardin_Maternal_Informe.pdf\"><span class=\"has-inline-color has-white-color\"><strong>Orientaci\u00f3n y asesoramiento cooperativo en planificaciones a docentes del Jard\u00edn Maternal<\/strong><\/span><\/a><\/span><\/p>\n\n\n\n<p class=\"has-white-color has-text-color has-background has-medium-font-size\" style=\"background-color:#1882bf\"><img decoding=\"async\" loading=\"lazy\" width=\"50\" height=\"50\" class=\"wp-image-13561\" style=\"width: 50px;\" src=\"https:\/\/isfd801-chu.infd.edu.ar\/sitio\/wp-content\/uploads\/2022\/05\/manitoch-1-e1653016914588.png\" alt=\"\"><span style=\"color: #000000;\"><a style=\"color: #000000;\" href=\"https:\/\/isfd801-chu.infd.edu.ar\/sitio\/wp-content\/uploads\/2018\/08\/Recuperando_espacios_de_intercambio_con_las_familias_del_Jardin_Maternal_Bichito_de_Luz.pdf\"><span class=\"has-inline-color has-white-color\"><strong>Recuperando espacios de intercambio con las familias del Jard\u00edn Maternal Bichito de Luz<\/strong><\/span><\/a><\/span><\/p>\n","protected":false},"excerpt":{"rendered":"<p>Proyectos del post\u00edtulo en Jard\u00ednes Maternales Indicadores de alerta del desarrollo infantil Autoevaluaci\u00f3n docente: un momento para reflexionar- Un espacio en el Jard\u00edn Maternal para la Educaci\u00f3n Psicomotr\u00edz Espacios para compartir\u2026 familias y escuela Pasa te estoy esperando, dame tu mano yo te acompa\u00f1o Acompa\u00f1amiento pedag\u00f3gico e intervenci\u00f3n de apoyo al Profesor de Educaci\u00f3n F\u00edsica &#8230; <a title=\"PROYECTOS DE POST\u00cdTULOS\" class=\"read-more\" href=\"https:\/\/isfd801-chu.infd.edu.ar\/sitio\/proyectos-de-postitulos\/\" aria-label=\"More on PROYECTOS DE POST\u00cdTULOS\">[+]<\/a><\/p>\n","protected":false},"author":1495,"featured_media":0,"parent":0,"menu_order":0,"comment_status":"closed","ping_status":"closed","template":"","meta":[],"acf":[],"_links":{"self":[{"href":"https:\/\/isfd801-chu.infd.edu.ar\/sitio\/wp-json\/wp\/v2\/pages\/2940"}],"collection":[{"href":"https:\/\/isfd801-chu.infd.edu.ar\/sitio\/wp-json\/wp\/v2\/pages"}],"about":[{"href":"https:\/\/isfd801-chu.infd.edu.ar\/sitio\/wp-json\/wp\/v2\/types\/page"}],"author":[{"embeddable":true,"href":"https:\/\/isfd801-chu.infd.edu.ar\/sitio\/wp-json\/wp\/v2\/users\/1495"}],"replies":[{"embeddable":true,"href":"https:\/\/isfd801-chu.infd.edu.ar\/sitio\/wp-json\/wp\/v2\/comments?post=2940"}],"version-history":[{"count":9,"href":"https:\/\/isfd801-chu.infd.edu.ar\/sitio\/wp-json\/wp\/v2\/pages\/2940\/revisions"}],"predecessor-version":[{"id":13564,"href":"https:\/\/isfd801-chu.infd.edu.ar\/sitio\/wp-json\/wp\/v2\/pages\/2940\/revisions\/13564"}],"wp:attachment":[{"href":"https:\/\/isfd801-chu.infd.edu.ar\/sitio\/wp-json\/wp\/v2\/media?parent=2940"}],"curies":[{"name":"wp","href":"https:\/\/api.w.org\/{rel}","templated":true}]}}