{"id":21389,"date":"2026-03-06T19:42:09","date_gmt":"2026-03-06T22:42:09","guid":{"rendered":"https:\/\/isfd801-chu.infd.edu.ar\/sitio\/?page_id=21389"},"modified":"2026-03-06T19:59:31","modified_gmt":"2026-03-06T22:59:31","slug":"extension-aulica","status":"publish","type":"page","link":"https:\/\/isfd801-chu.infd.edu.ar\/sitio\/extension-aulica\/","title":{"rendered":"EXTENSI\u00d3N \u00c1ULICA"},"content":{"rendered":"\n<h1 class=\"wp-block-heading\">CAMARONES<\/h1>\n\n\n\n<style>\n\n\/* enlaces del men\u00fa *\/\n.main-navigation a{\nfont-family:\"Trebuchet MS\", Arial, sans-serif !important;\nfont-weight:400 !important;\nfont-size:14px !important;\npadding:10px 12px !important;\ntransition: all 0.3s ease;\nborder-bottom:2px solid transparent;\n}\n\n\/* cambio de color al pasar el mouse *\/\n.main-navigation a:hover{\ncolor:#00e5ff !important;\nbackground-color:#eeeeee !important;\nborder-bottom:2px solid #00e5ff;\n}\n\n\/* cuando se toca en celular *\/\n.main-navigation a:active,\n.main-navigation a:focus{\ncolor:#00e5ff !important;\nbackground-color:#eeeeee !important;\nborder-bottom:2px solid #00e5ff;\n}\n\n\/* p\u00e1gina activa del men\u00fa *\/\n.main-navigation .current-menu-item a{\ncolor:#00e5ff !important;\nborder-bottom:2px solid #00e5ff;\n}\n\n\/* pantallas medianas *\/\n@media (max-width:1200px){\n.main-navigation a{\nfont-size:13px !important;\npadding:8px 10px !important;\n}\n}\n\n\/* pantallas chicas *\/\n@media (max-width:1000px){\n.main-navigation a{\nfont-size:12px !important;\npadding:6px 8px !important;\n}\n}\n\n\/* celulares *\/\n@media (max-width:768px){\n\n.main-navigation{\nwhite-space:normal;\n}\n\n.main-navigation ul{\ndisplay:flex;\nflex-wrap:wrap;\njustify-content:center;\n}\n\n.main-navigation li{\nflex:0 0 auto;\n}\n\n.main-navigation a{\nfont-size:12px !important;\npadding:6px 10px !important;\ndisplay:inline-block;\n}\n\n}\n\n<\/style>\n\n\n<div class=\"wp-block-image is-style-default\">\n<figure class=\"aligncenter size-full\"><img decoding=\"async\" loading=\"lazy\" width=\"720\" height=\"407\" src=\"https:\/\/isfd801-chu.infd.edu.ar\/sitio\/wp-content\/uploads\/2026\/03\/Extension-Aulica.png\" alt=\"\" class=\"wp-image-21398\"\/><\/figure><\/div>\n\n\n<p><strong>TECNICATURA SUPERIOR EN PRODUCCI\u00d3N INDUSTRIAL DE ALIMENTOS &#8211; RES. ME N\u00b0 390\/17 &#8211; SEDE CAMARONES.<\/strong><\/p>\n\n\n\n<p>TSPIA de Instituto Superior de Formaci\u00f3n Docente N\u00b0 801 \u2013 Trelew \u2013 Chubut<\/p>\n\n\n\n<p>El ISFD N\u00b0 801 \u201cJuana Manso\u201d de Trelew, ampl\u00eda su oferta acad\u00e9mica en la localidad de Camarones, ofreciendo la Tecnicatura Superior en Producci\u00f3n Industrial de Alimentos a partir de septiembre del presente a\u00f1o.<br>La tecnicatura est\u00e1 destinada a interesados en la gesti\u00f3n, producci\u00f3n, procesamiento de alimentos y bebidas, sum\u00e1ndoles valor agregado a las materias primas, especialmente aquellas provenientes del mar.<br>Complementar\u00e1 la oferta que brinda la ESETP N\u00b0 721 con la \u201cTecnicatura en Biolog\u00eda Marina, Pesquer\u00edas y Acuicultura\u201d, para fortalecer la econom\u00eda local y comarcal y la Certificaci\u00f3n de Origen Camarones.<br>La implementaci\u00f3n de la Tecnicatura es posible por el esfuerzo mancomunado del Ministerio de Educaci\u00f3n y la Municipalidad de Camarones quienes articular\u00e1n acciones para ampliar el derecho a la educaci\u00f3n en la comunidad camaronense, \u201casegurar la conexi\u00f3n del sistema educativo con el sistema productivo del pa\u00eds\u201d.<\/p>\n","protected":false},"excerpt":{"rendered":"<p>CAMARONES TECNICATURA SUPERIOR EN PRODUCCI\u00d3N INDUSTRIAL DE ALIMENTOS &#8211; RES. ME N\u00b0 390\/17 &#8211; SEDE CAMARONES. TSPIA de Instituto Superior de Formaci\u00f3n Docente N\u00b0 801 \u2013 Trelew \u2013 Chubut El ISFD N\u00b0 801 \u201cJuana Manso\u201d de Trelew, ampl\u00eda su oferta acad\u00e9mica en la localidad de Camarones, ofreciendo la Tecnicatura Superior en Producci\u00f3n Industrial de Alimentos &#8230; <a title=\"EXTENSI\u00d3N \u00c1ULICA\" class=\"read-more\" href=\"https:\/\/isfd801-chu.infd.edu.ar\/sitio\/extension-aulica\/\" aria-label=\"More on EXTENSI\u00d3N \u00c1ULICA\">[+]<\/a><\/p>\n","protected":false},"author":1495,"featured_media":0,"parent":0,"menu_order":0,"comment_status":"closed","ping_status":"closed","template":"","meta":[],"acf":[],"_links":{"self":[{"href":"https:\/\/isfd801-chu.infd.edu.ar\/sitio\/wp-json\/wp\/v2\/pages\/21389"}],"collection":[{"href":"https:\/\/isfd801-chu.infd.edu.ar\/sitio\/wp-json\/wp\/v2\/pages"}],"about":[{"href":"https:\/\/isfd801-chu.infd.edu.ar\/sitio\/wp-json\/wp\/v2\/types\/page"}],"author":[{"embeddable":true,"href":"https:\/\/isfd801-chu.infd.edu.ar\/sitio\/wp-json\/wp\/v2\/users\/1495"}],"replies":[{"embeddable":true,"href":"https:\/\/isfd801-chu.infd.edu.ar\/sitio\/wp-json\/wp\/v2\/comments?post=21389"}],"version-history":[{"count":6,"href":"https:\/\/isfd801-chu.infd.edu.ar\/sitio\/wp-json\/wp\/v2\/pages\/21389\/revisions"}],"predecessor-version":[{"id":21399,"href":"https:\/\/isfd801-chu.infd.edu.ar\/sitio\/wp-json\/wp\/v2\/pages\/21389\/revisions\/21399"}],"wp:attachment":[{"href":"https:\/\/isfd801-chu.infd.edu.ar\/sitio\/wp-json\/wp\/v2\/media?parent=21389"}],"curies":[{"name":"wp","href":"https:\/\/api.w.org\/{rel}","templated":true}]}}