{"id":19914,"date":"2025-08-28T14:22:38","date_gmt":"2025-08-28T17:22:38","guid":{"rendered":"https:\/\/isfd801-chu.infd.edu.ar\/sitio\/?page_id=19914"},"modified":"2025-08-28T15:10:12","modified_gmt":"2025-08-28T18:10:12","slug":"atencion-pre-inscriptos-aa-maestros-de-apoyo-a-las-trayectorias","status":"publish","type":"page","link":"https:\/\/isfd801-chu.infd.edu.ar\/sitio\/atencion-pre-inscriptos-aa-maestros-de-apoyo-a-las-trayectorias\/","title":{"rendered":"ATENCI\u00d3N PRE INSCRIPTOS AA &#8211; MAESTROS DE APOYO A LAS TRAYECTORIAS"},"content":{"rendered":"\n<p>Equipo Directivo del ISFD N\u00b0801 comunica, en respuesta a las consultas recibidas respecto del listado de pre inscriptos a la AA \u2013 MATT, que el listado de confirmaci\u00f3n de inscripci\u00f3n se confeccion\u00f3 en funci\u00f3n del orden de prioridad establecido por el Dise\u00f1o Curricular de la Actualizaci\u00f3n Acad\u00e9mica para el Maestro de Apoyo a la Trayectorias de Inicial y Primaria.<br>Debido a que la pre-inscripci\u00f3n super\u00f3 las expectativas con m\u00e1s de 500 pre inscriptos, en esta primera instancia se convoca a los pre-inscriptos en el orden de prioridad establecido y que adem\u00e1s figuran en el listado como docentes en funciones de MATT y IADA que ha sido proporcionado por Ministerio de Educaci\u00f3n<br>De quedar vacantes disponibles se realizar\u00e1 un segundo llamado a confirmaci\u00f3n.<br>Es EXCLUYENTE la presentaci\u00f3n de la constancia de MATT expedida por la instituci\u00f3n en la que se desempe\u00f1an, con firma del equipo directivo y fecha actualizada.<\/p>\n","protected":false},"excerpt":{"rendered":"<p>Equipo Directivo del ISFD N\u00b0801 comunica, en respuesta a las consultas recibidas respecto del listado de pre inscriptos a la AA \u2013 MATT, que el listado de confirmaci\u00f3n de inscripci\u00f3n se confeccion\u00f3 en funci\u00f3n del orden de prioridad establecido por el Dise\u00f1o Curricular de la Actualizaci\u00f3n Acad\u00e9mica para el Maestro de Apoyo a la Trayectorias &#8230; <a title=\"ATENCI\u00d3N PRE INSCRIPTOS AA &#8211; MAESTROS DE APOYO A LAS TRAYECTORIAS\" class=\"read-more\" href=\"https:\/\/isfd801-chu.infd.edu.ar\/sitio\/atencion-pre-inscriptos-aa-maestros-de-apoyo-a-las-trayectorias\/\" aria-label=\"More on ATENCI\u00d3N PRE INSCRIPTOS AA &#8211; MAESTROS DE APOYO A LAS TRAYECTORIAS\">[+]<\/a><\/p>\n","protected":false},"author":542,"featured_media":0,"parent":0,"menu_order":0,"comment_status":"closed","ping_status":"closed","template":"","meta":[],"acf":[],"_links":{"self":[{"href":"https:\/\/isfd801-chu.infd.edu.ar\/sitio\/wp-json\/wp\/v2\/pages\/19914"}],"collection":[{"href":"https:\/\/isfd801-chu.infd.edu.ar\/sitio\/wp-json\/wp\/v2\/pages"}],"about":[{"href":"https:\/\/isfd801-chu.infd.edu.ar\/sitio\/wp-json\/wp\/v2\/types\/page"}],"author":[{"embeddable":true,"href":"https:\/\/isfd801-chu.infd.edu.ar\/sitio\/wp-json\/wp\/v2\/users\/542"}],"replies":[{"embeddable":true,"href":"https:\/\/isfd801-chu.infd.edu.ar\/sitio\/wp-json\/wp\/v2\/comments?post=19914"}],"version-history":[{"count":2,"href":"https:\/\/isfd801-chu.infd.edu.ar\/sitio\/wp-json\/wp\/v2\/pages\/19914\/revisions"}],"predecessor-version":[{"id":19926,"href":"https:\/\/isfd801-chu.infd.edu.ar\/sitio\/wp-json\/wp\/v2\/pages\/19914\/revisions\/19926"}],"wp:attachment":[{"href":"https:\/\/isfd801-chu.infd.edu.ar\/sitio\/wp-json\/wp\/v2\/media?parent=19914"}],"curies":[{"name":"wp","href":"https:\/\/api.w.org\/{rel}","templated":true}]}}