{"id":14707,"date":"2022-08-28T21:39:30","date_gmt":"2022-08-29T00:39:30","guid":{"rendered":"https:\/\/isfd801-chu.infd.edu.ar\/sitio\/?page_id=14707"},"modified":"2023-05-24T17:31:52","modified_gmt":"2023-05-24T20:31:52","slug":"coordinacion-de-desarrollo-profesional-y-acompanamiento-pedagogico","status":"publish","type":"page","link":"https:\/\/isfd801-chu.infd.edu.ar\/sitio\/coordinacion-de-desarrollo-profesional-y-acompanamiento-pedagogico\/","title":{"rendered":"COORDINACI\u00d3N DE DESARROLLO PROFESIONAL Y ACOMPA\u00d1AMIENTO PEDAG\u00d3GICO"},"content":{"rendered":"\n<p><strong>Coordinador: Prof. Sebasti\u00e1n Lagiard<\/strong><\/p>\n\n\n\n<div class=\"wp-block-columns is-layout-flex wp-container-2\">\n<div class=\"wp-block-column is-layout-flow\"><div class=\"wp-block-image\">\n<figure class=\"aligncenter size-full is-resized\"><img decoding=\"async\" loading=\"lazy\" src=\"https:\/\/isfd801-chu.infd.edu.ar\/sitio\/wp-content\/uploads\/2023\/05\/documento-png-4.png\" alt=\"\" class=\"wp-image-16575\" width=\"386\" height=\"177\"\/><\/figure><\/div>\n\n\n<p><\/p>\n<\/div>\n<\/div>\n\n\n\n<div class=\"wp-block-columns alignfull is-layout-flex wp-container-4\">\n<div class=\"wp-block-column is-vertically-aligned-center is-layout-flow\">\n<p class=\"has-text-align-center has-pale-cyan-blue-background-color has-background\"><strong>FUNCIONES DE LA COORDINACI\u00d3N DE DESARROLLO PROFESIONAL Y ACOMPA\u00d1AMIENTO PEDAG\u00d3GICO<\/strong><\/p>\n<\/div>\n<\/div>\n\n\n\n<div class=\"wp-block-columns is-layout-flex wp-container-6\">\n<div class=\"wp-block-column is-layout-flow\">\n<ul>\n<li>Participar en la elaboraci\u00f3n del proyecto educativo institucional y su evaluaci\u00f3n.<\/li>\n\n\n\n<li>Participar del Equipo Jurisdiccional de Coordinadores\/as de Desarrollo Profesional y Acompa\u00f1amiento Pedag\u00f3gico.<\/li>\n\n\n\n<li>Participar del planeamiento jurisdiccional de la oferta educativa en lo relativo a su \u00e1rea de incumbencia y en virtud de las prioridades explicitadas por la DGES.<\/li>\n\n\n\n<li>Planificar, acompa\u00f1ar, monitorear la implementaci\u00f3n y evaluar las propuestas institucionales de Desarrollo Profesional y de Acompa\u00f1amiento Pedag\u00f3gico.<\/li>\n\n\n\n<li>Gestionar ante la DGES la solicitud de Auspicio y\/o Inter\u00e9s Educativo Ministerial.<\/li>\n\n\n\n<li>Participar en instancias de articulaci\u00f3n con las otras Coordinaciones y con el\/la Secretario\/a Acad\u00e9mico\/a.<\/li>\n\n\n\n<li>Realizar el relevamiento de necesidades de formaci\u00f3n en la zona de influencia de su IES, a partir de instancias de articulaci\u00f3n con supervisiones y direcciones de niveles destino, con \u00e1mbitos municipales, universidades, ONG, y otras instituciones locales.<\/li>\n\n\n\n<li>Asesorar al Consejo Institucional en su \u00e1rea de incumbencia y en la evaluaci\u00f3n de los<\/li>\n\n\n\n<li>proyectos institucionales de Desarrollo Profesional, Acompa\u00f1amiento Pedag\u00f3gico y extensi\u00f3n.<\/li>\n\n\n\n<li>Asesorar a los\/as docentes en la elaboraci\u00f3n y el desarrollo de proyectos de desarrollo profesional y de acompa\u00f1amiento pedag\u00f3gico en el marco de la propuesta institucional.<\/li>\n\n\n\n<li>Promover, dar visibilidad y difundir el programa de desarrollo profesional intra e interinstitucionalmente.<\/li>\n\n\n\n<li>Presentar al\/a la Secretario\/a Acad\u00e9mico\/a informes anuales de su tarea.<\/li>\n\n\n\n<li>Elaborar el cronograma anual de actividades seg\u00fan calendario escolar, en articulaci\u00f3n con las otras coordinaciones<\/li>\n\n\n\n<li>Promover acuerdos interinstitucionales, en el marco de los objetivos y prioridades institucionales y jurisdiccionales.<\/li>\n\n\n\n<li>Planificar y desarrollar acciones para el fortalecimiento de la formaci\u00f3n permanente de los\/as docentes del IES<\/li>\n<\/ul>\n<\/div>\n<\/div>\n\n\n\n<ul>\n<li><a href=\"https:\/\/isfd801-chu.infd.edu.ar\/sitio\/las-breves-del-801\/\">Las Breves de la 801 &#8211; Presentaci\u00f3n<\/a><\/li>\n<\/ul>\n\n\n\n<p><\/p>\n","protected":false},"excerpt":{"rendered":"<p>Coordinador: Prof. Sebasti\u00e1n Lagiard FUNCIONES DE LA COORDINACI\u00d3N DE DESARROLLO PROFESIONAL Y ACOMPA\u00d1AMIENTO PEDAG\u00d3GICO<\/p>\n","protected":false},"author":1630,"featured_media":0,"parent":0,"menu_order":0,"comment_status":"closed","ping_status":"closed","template":"","meta":[],"acf":[],"_links":{"self":[{"href":"https:\/\/isfd801-chu.infd.edu.ar\/sitio\/wp-json\/wp\/v2\/pages\/14707"}],"collection":[{"href":"https:\/\/isfd801-chu.infd.edu.ar\/sitio\/wp-json\/wp\/v2\/pages"}],"about":[{"href":"https:\/\/isfd801-chu.infd.edu.ar\/sitio\/wp-json\/wp\/v2\/types\/page"}],"author":[{"embeddable":true,"href":"https:\/\/isfd801-chu.infd.edu.ar\/sitio\/wp-json\/wp\/v2\/users\/1630"}],"replies":[{"embeddable":true,"href":"https:\/\/isfd801-chu.infd.edu.ar\/sitio\/wp-json\/wp\/v2\/comments?post=14707"}],"version-history":[{"count":7,"href":"https:\/\/isfd801-chu.infd.edu.ar\/sitio\/wp-json\/wp\/v2\/pages\/14707\/revisions"}],"predecessor-version":[{"id":16576,"href":"https:\/\/isfd801-chu.infd.edu.ar\/sitio\/wp-json\/wp\/v2\/pages\/14707\/revisions\/16576"}],"wp:attachment":[{"href":"https:\/\/isfd801-chu.infd.edu.ar\/sitio\/wp-json\/wp\/v2\/media?parent=14707"}],"curies":[{"name":"wp","href":"https:\/\/api.w.org\/{rel}","templated":true}]}}