{"id":1309,"date":"2018-07-02T18:48:50","date_gmt":"2018-07-02T21:48:50","guid":{"rendered":"https:\/\/isfd801-chu.infd.edu.ar\/sitio\/equipo-directivo-y-de-gestion\/"},"modified":"2026-04-01T23:55:29","modified_gmt":"2026-04-02T02:55:29","slug":"equipo-directivo-y-de-gestion","status":"publish","type":"page","link":"https:\/\/isfd801-chu.infd.edu.ar\/sitio\/equipo-directivo-y-de-gestion\/","title":{"rendered":""},"content":{"rendered":"\n<style>\n\n\/* enlaces del men\u00fa *\/\n.main-navigation a{\nfont-family:\"Trebuchet MS\", Arial, sans-serif !important;\nfont-weight:400 !important;\nfont-size:14px !important;\npadding:10px 12px !important;\ntransition: all 0.3s ease;\nborder-bottom:2px solid transparent;\n}\n\n\/* cambio de color al pasar el mouse *\/\n.main-navigation a:hover{\ncolor:#00e5ff !important;\nbackground-color:#eeeeee !important;\nborder-bottom:2px solid #00e5ff;\n}\n\n\/* cuando se toca en celular *\/\n.main-navigation a:active,\n.main-navigation a:focus{\ncolor:#00e5ff !important;\nbackground-color:#eeeeee !important;\nborder-bottom:2px solid #00e5ff;\n}\n\n\/* p\u00e1gina activa del men\u00fa *\/\n.main-navigation .current-menu-item a{\ncolor:#00e5ff !important;\nborder-bottom:2px solid #00e5ff;\n}\n\n\/* pantallas medianas *\/\n@media (max-width:1200px){\n.main-navigation a{\nfont-size:13px !important;\npadding:8px 10px !important;\n}\n}\n\n\/* pantallas chicas *\/\n@media (max-width:1000px){\n.main-navigation a{\nfont-size:12px !important;\npadding:6px 8px !important;\n}\n}\n\n\/* celulares *\/\n@media (max-width:768px){\n\n.main-navigation{\nwhite-space:normal;\n}\n\n.main-navigation ul{\ndisplay:flex;\nflex-wrap:wrap;\njustify-content:center;\n}\n\n.main-navigation li{\nflex:0 0 auto;\n}\n\n.main-navigation a{\nfont-size:12px !important;\npadding:6px 10px !important;\ndisplay:inline-block;\n}\n\n}\n\n<\/style>\n\n\n\n<style>\n  body {\n    background: #fff9cc !important;\n    margin: 0;\n    padding: 0;\n  }\n<\/style>\n\n\n\n<style> \/* BLOQUE DE LECTURA INSTITUCIONAL *\/ p { background: #ffffff; padding: 18px 22px; border-radius: 12px; box-shadow: inset 0 0 10px rgba(255,255,255,0.9), 0 8px 22px rgba(0,0,0,0.15); line-height: 1.6; } <\/style>\n\n\n\n<div class=\"wp-block-group has-white-background-color has-background is-layout-constrained\"><div class=\"wp-block-group__inner-container\">\n<h2 class=\"wp-block-heading\">EQUIPO DIRECTIVO<\/h2>\n\n\n\n<p class=\"has-text-color has-medium-font-size\" style=\"color:#6e6b70\">      <strong>Directora: Lic. y Prof. Adriana Higuera<\/strong><\/p>\n\n\n\n<p class=\"has-text-color has-medium-font-size\" style=\"color:#6e6b70\">      <strong>Vicedirectora: Prof. Andrea Mu\u00f1oz Castro<\/strong><\/p>\n\n\n\n<div class=\"wp-block-columns is-layout-flex wp-container-2\">\n<div class=\"wp-block-column is-layout-flow\">\n<h2 class=\"wp-block-heading\">EQUIPO DE GESTI\u00d3N<\/h2>\n\n\n\n<p class=\"has-base-3-background-color has-background\">Secretaria Administrativa: <em><strong>Tec. Natalia Cadag\u00e1n &#8211; Suplente Prof. H\u00e9ctor Ya\u00f1ez <\/strong><\/em><\/p>\n<\/div>\n<\/div>\n\n\n\n<div class=\"wp-block-columns is-layout-flex wp-container-4\">\n<div class=\"wp-block-column is-layout-flow\" style=\"flex-basis:100%\">\n<h2 class=\"wp-block-heading\"><strong>COORDINACIONES DE L\u00cdNEAS DE TRABAJO<\/strong><\/h2>\n\n\n\n<p class=\"has-base-3-background-color has-background\">Coordinador\/a de Investigaci\u00f3n:<strong> <\/strong><em><strong>Lic. Claudia Fabiana Carro <\/strong><\/em><\/p>\n<\/div>\n<\/div>\n\n\n\n<h2 class=\"wp-block-heading\"><strong>COORDINACI\u00d3N DE CARRERAS<\/strong><\/h2>\n\n\n\n<div class=\"wp-block-columns is-layout-flex wp-container-6\">\n<div class=\"wp-block-column is-layout-flow\">\n<p class=\"has-base-3-background-color has-background\">Coordinaci\u00f3n Profesorado de Educaci\u00f3n Inicial: <em><strong>Lic. y Prof. Marina Assef<\/strong><\/em><\/p>\n\n\n\n<p class=\"has-base-3-background-color has-background\">Coordinaci\u00f3n  Profesorado de Educaci\u00f3n Especial con Orientaci\u00f3n en Discapacidad Intelectual: <em><strong>Prof. Loreley Zahn<\/strong><\/em><\/p>\n\n\n\n<p class=\"has-base-3-background-color has-background\">Coordinaci\u00f3n Profesorado de Educaci\u00f3n Especial Con Orientaci\u00f3n en Ciegos y Disminuidos Visuales: Coordinador Suplente: <strong>Lic. Paulo Cassutti<\/strong>.<\/p>\n\n\n\n<p class=\"has-base-3-background-color has-background\">Coordinaci\u00f3n Profesorado de Educaci\u00f3n Especial Con Orientaci\u00f3n en Sordos e Hipoac\u00fasicos: Coordinador Suplente: <strong>Lic. Paulo Cassutti<\/strong>.<\/p>\n\n\n\n<p class=\"has-base-3-background-color has-background\">Coordinaci\u00f3n Tecnicatura Superior en Bibliotecolog\u00eda: <strong><em>Prof. Laura Melisa Selva Andrade<\/em><\/strong><\/p>\n\n\n\n<p class=\"has-base-3-background-color has-background\">Coordinaci\u00f3n de Ingl\u00e9s: <strong><em>Esp. Cecilia Sanchez<\/em><\/strong><\/p>\n\n\n\n<p>         Coordinaci\u00f3n Profesorado de Educaci\u00f3n Secundaria en Econom\u00eda: <strong><em>Prof. Viviana Iba\u00f1ez<\/em><\/strong><\/p>\n\n\n\n<p>         Coordinaci\u00f3n de extensi\u00f3n \u00e1ulica Camarones: <strong><em>Prof. Virginia Hughes<\/em><\/strong> <\/p>\n<\/div>\n<\/div>\n\n\n\n<h2 class=\"wp-block-heading\">OFICINA DE ESTUDIANTES<\/h2>\n\n\n\n<p class=\"has-base-3-background-color has-background\">Coordinador\/a Institucional de Pol\u00edticas Estudiantiles: <em><strong>Lic. Luc\u00eda Sanchez Camacho<\/strong><\/em><\/p>\n\n\n\n<div class=\"wp-block-columns is-layout-flex wp-container-8\">\n<div class=\"wp-block-column is-layout-flow\" style=\"flex-basis:50%\">\n<h2 class=\"wp-block-heading\">BEDEL\u00cdA<\/h2>\n\n\n\n<p class=\"has-base-3-background-color has-background\"><span style=\"color: #000000;\"><span class=\"element\">Bedel\u00eda Sede:<\/span><em> <span class=\"element\"><strong>Prof. Marcela Aparicio;                   Prof. Marcelino Nahuelcheo; Prof. \u00c1ngela Vazquez.<\/strong>                                                                   Bedel\u00eda Anexo: <strong>Prof. Jorge Rivero<\/strong><\/span><\/em><\/span> <\/p>\n\n\n\n<p class=\"has-base-3-background-color has-background\"><strong>Bedel\u00eda Extensi\u00f3n A\u00falica Gaiman_Dolavon<\/strong>: Prof. Drescher, leonardo<\/p>\n<\/div>\n<\/div>\n<\/div><\/div>\n","protected":false},"excerpt":{"rendered":"<p>EQUIPO DIRECTIVO Directora: Lic. y Prof. Adriana Higuera Vicedirectora: Prof. Andrea Mu\u00f1oz Castro EQUIPO DE GESTI\u00d3N Secretaria Administrativa: Tec. Natalia Cadag\u00e1n &#8211; Suplente Prof. H\u00e9ctor Ya\u00f1ez COORDINACIONES DE L\u00cdNEAS DE TRABAJO Coordinador\/a de Investigaci\u00f3n: Lic. Claudia Fabiana Carro COORDINACI\u00d3N DE CARRERAS Coordinaci\u00f3n Profesorado de Educaci\u00f3n Inicial: Lic. y Prof. Marina Assef Coordinaci\u00f3n Profesorado de Educaci\u00f3n &#8230; <a title=\"\" class=\"read-more\" href=\"https:\/\/isfd801-chu.infd.edu.ar\/sitio\/equipo-directivo-y-de-gestion\/\" aria-label=\"More on \">[+]<\/a><\/p>\n","protected":false},"author":1495,"featured_media":0,"parent":0,"menu_order":0,"comment_status":"closed","ping_status":"closed","template":"","meta":[],"acf":[],"_links":{"self":[{"href":"https:\/\/isfd801-chu.infd.edu.ar\/sitio\/wp-json\/wp\/v2\/pages\/1309"}],"collection":[{"href":"https:\/\/isfd801-chu.infd.edu.ar\/sitio\/wp-json\/wp\/v2\/pages"}],"about":[{"href":"https:\/\/isfd801-chu.infd.edu.ar\/sitio\/wp-json\/wp\/v2\/types\/page"}],"author":[{"embeddable":true,"href":"https:\/\/isfd801-chu.infd.edu.ar\/sitio\/wp-json\/wp\/v2\/users\/1495"}],"replies":[{"embeddable":true,"href":"https:\/\/isfd801-chu.infd.edu.ar\/sitio\/wp-json\/wp\/v2\/comments?post=1309"}],"version-history":[{"count":79,"href":"https:\/\/isfd801-chu.infd.edu.ar\/sitio\/wp-json\/wp\/v2\/pages\/1309\/revisions"}],"predecessor-version":[{"id":21498,"href":"https:\/\/isfd801-chu.infd.edu.ar\/sitio\/wp-json\/wp\/v2\/pages\/1309\/revisions\/21498"}],"wp:attachment":[{"href":"https:\/\/isfd801-chu.infd.edu.ar\/sitio\/wp-json\/wp\/v2\/media?parent=1309"}],"curies":[{"name":"wp","href":"https:\/\/api.w.org\/{rel}","templated":true}]}}